{"id":21,"date":"2016-05-07T14:52:29","date_gmt":"2016-05-07T13:52:29","guid":{"rendered":"http:\/\/schepker.de\/?page_id=21"},"modified":"2017-01-17T20:42:15","modified_gmt":"2017-01-17T19:42:15","slug":"ueber-mich","status":"publish","type":"page","link":"https:\/\/schepker.de\/?page_id=21","title":{"rendered":"\u00dcber mich"},"content":{"rendered":"<p><img loading=\"lazy\" decoding=\"async\" class=\"alignnone size-medium wp-image-15\" src=\"https:\/\/schepker.de\/wp-content\/uploads\/Passbild5-200x300.jpg\" alt=\"Passbild5\" width=\"200\" height=\"300\" srcset=\"https:\/\/schepker.de\/wp-content\/uploads\/Passbild5-200x300.jpg 200w, https:\/\/schepker.de\/wp-content\/uploads\/Passbild5.jpg 472w\" sizes=\"auto, (max-width: 200px) 100vw, 200px\" \/><\/p>\n<p style=\"text-align: left;\">Jahrgang 1955; geschieden, 1 Kind<\/p>\n<p style=\"text-align: left;\">Nach Besuch der Handelsschule Lehre als B\u00fcrokaufmann; Besuch der Fachoberschule; anschlie\u00dfend Studium der Betriebswirtschaft.<\/p>\n<p style=\"text-align: left;\">Danach T\u00e4tigkeit als kfm. Angestellter und Dozent bei verschiedenen Bildungstr\u00e4gern.<\/p>\n<p style=\"text-align: left;\">Zuletzt im \u00f6ffentlichen Dienst als wissenschaftlicher Mitarbeiter t\u00e4tig.<\/p>\n<p style=\"text-align: left;\">Weiterbildung im EDV-Bereich; T\u00e4tigkeit als Buchf\u00fchrungshelfer; Dozent undSoftwaredesigner.<\/p>\n<p style=\"text-align: left;\">Hobbys: Computer, Lesen, Geschichte, Astronomie, wissenschaftliche Themen<\/p>\n<p style=\"text-align: left;\">Aktuell engagiere ich mich im Bereich Fl\u00fcchtlingshelfer und bin Bundesfreiwilligendienstleister.<\/p>\n<p><b>Spezielle Interessen:<\/b><\/p>\n<p>Programmieren in Cobol, benutztes Programm: <a href=\"http:\/\/www.adtools.com\/\">Fujitsu PowerCobol<\/a><\/p>\n<p>EDV-Erfahrung<\/p>\n<p>Angefangen bin ich Anfang 1982 mit dem legend\u00e4ren &#8222;Brotkasten&#8220; C 64 (mit Drucker und Datasette f\u00fcr 2600 Mark). Nachdem der Drucker den Geist aufgegeben hatte kam ein neuer als Ersatz, der mit einem speziellen Kabelanschluss angeschlossen wurde. 1985 kam dann ein Diskettenlaufwerk dazu.<\/p>\n<p>1987 bin ich dann in die PC-Liga aufgestiegen und habe mir den Schneider PC 1512 angeschafft. Die Festplatte war eine 20 MB Vortex-Card. Nach etwa einem Jahr habe diesen um 128 KB Hauptspeicher und den NEC V20-Prozessor aufger\u00fcstet. Als die 20 MB-Karte in die ewigen Jagdgr\u00fcnde abgetaucht war, kam eine Western Digital Steckkarte mit 30 MB zum Einsatz. Diese kostete 1989 ca. 1000 Mark.<\/p>\n<p>1990 bin ich dann richtig aufgestiegen, ein IBM-kompatiblen PC (286) wurde angeschafft, mit Monitor und 40 MB Festplatte und 1 MB Hauptspeicher. Kurze Zeit sp\u00e4ter hatte ich dann einen Tintendrucker von HP, eine weitere Festplatte mit 40 MB und nach dem Defekt des Monitors wurde ein neuer f\u00e4llig.<\/p>\n<p>1992 kam dann ein 386er mit 2 MB Hauptspeicher und 240 MB Festplatte zum Einsatz, bevor ich mir dann 1995 einen Pentium zulegte. Nach dem Defekt des Tintenstrahlers kam ein OKI-Laserdrucker zum Einsatz. In der Zeit spielte ich viel mit SCSI und besorgte mir ein SCSCI-CRDOM von Toshiba.und SCSI-IBM-Festplatten mit einer Kapazit\u00e4t von 6 GB.<\/p>\n<p>Im Jahre 2000 kam ein neues Motherboard von Asus und der AMD Athlon 1 GHz zum Einsatz, der Ausflug nach SCSI war zu Ende und ich hatte nur noch IDE-Festplatten im Einsatz.<\/p>\n<p>Zur Zeit benutze ich das Asus K8U-X mit einem AMD Sempron 3 GHz, 2 GB Hauptspeicher, 240 GB S-ATA Festplatte, DVD-ROM und DVD-Brenner, 19-Zoll Flachbildschirm.<\/p>\n<p>Als Betriebssysteme benutzte ich MS-DOS, Windows 3-Familie, Windows 95, OS\/2, Windows 98, Windows 2000 und Windows XP.<\/p>\n<p>1991 oder 1992 experimentierte ich mit Coherent, einem Unix-Ableger f\u00fcr 286er Prozessoren, aber damals gab es keine richtigen Anwendungen und von einer grafischen Oberfl\u00e4che war weit und breit nichts zu sehen. Neben Win95 benutzte ich daher einige Zeit lang OS\/2, zuletzt Version 3 (Warp). Es war ein sch\u00f6nes System, aber leider hat IBM dann OS\/2 eingestampft. Ausserdem lag mein Schwerpunkt damals noch auf Programmieren und da ich kein C-Freak bin habe ich mich auf Basic verlegt und mit Realizer-Basic gearbeitet. Als 16-Bit-Anwendung durften die Quelltexte aber nicht gr\u00f6sser als 32 KB sein und das war dann auch nicht mehr das wahre. So bin ich dann auf Fujitsu-Cobol umgestiegen, das aber lief nur noch auf Windows-Systemen.<\/p>\n<p>Meine Erfahrungen mit Linux begannen erst im Jahr 2002. Angefangen habe ich mit Red-Hat 9 und habe dann die Fedora-Linie bis zur Version 3.0 benutzt. Da ich parallel noch Win2000 Partitionen hatte und auch Dateien daraus unter Linux (zumindest lesend) benutzen wollte, bin ich dann auf Mandrake umgestiegen.<\/p>\n<p>Ende 2005 war ich mit Mandrake\/Mandriva 2006 nicht mehr ganz zufrieden und bin wieder auf Fedora Core 4 umgestiegen. Irgendwie war ich auch mit Fedora unzufrieden (es lag am unausgereiften CUPS-Update, dass ich pl\u00f6tzlich nicht mehr drucken konnte) und so bin ich zu einem Debianer geworden und nutze Kubuntu.<br \/>\nMit Hife der Virtual-Box habe ich mir noch ein Win-XP-System aufgesetzt, dass in Linux abl\u00e4uft.<\/p>\n<p>Im Multimedia-Bereich und auf dem Gebiet des OCR zeigt Linux aber noch einige bis viele Schw\u00e4chen. So konnte ich meinen HP-Scanner, den ich mir 2001 zugelegt hatte, erst Ende 2005 unter Linux benutzen. Meine neue Webcam kann ich nur rudiment\u00e4r mit Kopete nutzen.<\/p>\n<p>Seit rund 6 Jahren benutze ich Ubuntu \/ Kubuntu; also Debian als Basis.<\/p>\n<p>Man hat sich an die Macken von Kubuntu inzwischen gew\u00f6hnt, aber das Thema OCR ist immer noch ein Stiefkind von Linux.<\/p>\n<p>Aktuell benutze ich die Version 16.04 von Kubuntu, die Kinderkrankheiten des Plasma5 genannten Desktops scheinen weitestgehend beseitigt worden zu sein.<\/p>\n<p>&nbsp;<\/p>\n","protected":false},"excerpt":{"rendered":"<p>Jahrgang 1955; geschieden, 1 Kind Nach Besuch der Handelsschule Lehre als B\u00fcrokaufmann; Besuch der Fachoberschule; anschlie\u00dfend Studium der Betriebswirtschaft. Danach T\u00e4tigkeit als kfm. Angestellter und Dozent bei verschiedenen Bildungstr\u00e4gern. Zuletzt im \u00f6ffentlichen Dienst als wissenschaftlicher Mitarbeiter t\u00e4tig. Weiterbildung im EDV-Bereich; T\u00e4tigkeit als Buchf\u00fchrungshelfer; Dozent undSoftwaredesigner. Hobbys: Computer, Lesen, Geschichte, Astronomie, wissenschaftliche Themen Aktuell engagiere ich &hellip; <a href=\"https:\/\/schepker.de\/?page_id=21\" class=\"more-link\"><span class=\"screen-reader-text\">\u00dcber mich<\/span> weiterlesen<\/a><\/p>\n","protected":false},"author":1,"featured_media":0,"parent":2,"menu_order":1,"comment_status":"closed","ping_status":"closed","template":"","meta":{"footnotes":""},"class_list":["post-21","page","type-page","status-publish","hentry"],"_links":{"self":[{"href":"https:\/\/schepker.de\/index.php?rest_route=\/wp\/v2\/pages\/21","targetHints":{"allow":["GET"]}}],"collection":[{"href":"https:\/\/schepker.de\/index.php?rest_route=\/wp\/v2\/pages"}],"about":[{"href":"https:\/\/schepker.de\/index.php?rest_route=\/wp\/v2\/types\/page"}],"author":[{"embeddable":true,"href":"https:\/\/schepker.de\/index.php?rest_route=\/wp\/v2\/users\/1"}],"replies":[{"embeddable":true,"href":"https:\/\/schepker.de\/index.php?rest_route=%2Fwp%2Fv2%2Fcomments&post=21"}],"version-history":[{"count":2,"href":"https:\/\/schepker.de\/index.php?rest_route=\/wp\/v2\/pages\/21\/revisions"}],"predecessor-version":[{"id":23,"href":"https:\/\/schepker.de\/index.php?rest_route=\/wp\/v2\/pages\/21\/revisions\/23"}],"up":[{"embeddable":true,"href":"https:\/\/schepker.de\/index.php?rest_route=\/wp\/v2\/pages\/2"}],"wp:attachment":[{"href":"https:\/\/schepker.de\/index.php?rest_route=%2Fwp%2Fv2%2Fmedia&parent=21"}],"curies":[{"name":"wp","href":"https:\/\/api.w.org\/{rel}","templated":true}]}}