{"id":2,"date":"2016-05-07T14:40:31","date_gmt":"2016-05-07T13:40:31","guid":{"rendered":"http:\/\/wp451m.a10-52-158-154.qa.plesk.ru\/wordpress\/?page_id=2"},"modified":"2017-01-17T20:40:45","modified_gmt":"2017-01-17T19:40:45","slug":"sample-page","status":"publish","type":"page","link":"https:\/\/schepker.de\/?page_id=2","title":{"rendered":"Hallo Besucher"},"content":{"rendered":"<p>Guten Tag,<br \/>\nwillkommen auf meiner Homepage.<br \/>\nIch freue mich, da\u00df Sie den Weg hierher gefunden haben.<br \/>\nWenn Ihnen der Inhalt gef\u00e4llt, k\u00f6nnen Sie mich ja mal anmailen.<br \/>\nUnd nun viel Spa\u00df<\/p>\n<p>Das Landgericht Hamburg hat mit Urteil vom 12.05.1998 entschieden, dass<br \/>\nman durch die Ausbringung eines Links die Inhalte der gelinkten Seite<br \/>\nggf. mit zuverantworten hat. Dies kann &#8211; so das LG &#8211; nur dadurch<br \/>\nverhindert werden, in dem man sich ausdr\u00fccklich von diesen Inhalten distanziert. Wir verweisen auf dieser Homepage auf Links zu anderen Seiten im Internet. F\u00fcr all diese Links gilt, dass wir keinerlei Einfluss auf die Gestaltung und die Inhalte der gelinkten Seiten haben. Deshalb distanzieren wir uns hiermit ausdr\u00fccklich von allen Inhalten aller gelinkten Seiten auf dieser Homepage inklusive aller Unterseiten. Diese Erkl\u00e4rung gilt f\u00fcr alle<br \/>\nauf dieser Homepage existierenden Links und f\u00fcr alle Inhalte der<br \/>\nSeiten, zu denen Links oder Banner f\u00fchren.<\/p>\n","protected":false},"excerpt":{"rendered":"<p>Guten Tag, willkommen auf meiner Homepage. Ich freue mich, da\u00df Sie den Weg hierher gefunden haben. Wenn Ihnen der Inhalt gef\u00e4llt, k\u00f6nnen Sie mich ja mal anmailen. Und nun viel Spa\u00df Das Landgericht Hamburg hat mit Urteil vom 12.05.1998 entschieden, dass man durch die Ausbringung eines Links die Inhalte der gelinkten Seite ggf. mit zuverantworten &hellip; <a href=\"https:\/\/schepker.de\/?page_id=2\" class=\"more-link\"><span class=\"screen-reader-text\">Hallo Besucher<\/span> weiterlesen<\/a><\/p>\n","protected":false},"author":1,"featured_media":0,"parent":0,"menu_order":1,"comment_status":"closed","ping_status":"open","template":"","meta":{"footnotes":""},"class_list":["post-2","page","type-page","status-publish","hentry"],"_links":{"self":[{"href":"https:\/\/schepker.de\/index.php?rest_route=\/wp\/v2\/pages\/2","targetHints":{"allow":["GET"]}}],"collection":[{"href":"https:\/\/schepker.de\/index.php?rest_route=\/wp\/v2\/pages"}],"about":[{"href":"https:\/\/schepker.de\/index.php?rest_route=\/wp\/v2\/types\/page"}],"author":[{"embeddable":true,"href":"https:\/\/schepker.de\/index.php?rest_route=\/wp\/v2\/users\/1"}],"replies":[{"embeddable":true,"href":"https:\/\/schepker.de\/index.php?rest_route=%2Fwp%2Fv2%2Fcomments&post=2"}],"version-history":[{"count":1,"href":"https:\/\/schepker.de\/index.php?rest_route=\/wp\/v2\/pages\/2\/revisions"}],"predecessor-version":[{"id":17,"href":"https:\/\/schepker.de\/index.php?rest_route=\/wp\/v2\/pages\/2\/revisions\/17"}],"wp:attachment":[{"href":"https:\/\/schepker.de\/index.php?rest_route=%2Fwp%2Fv2%2Fmedia&parent=2"}],"curies":[{"name":"wp","href":"https:\/\/api.w.org\/{rel}","templated":true}]}}